{"id":164,"date":"2023-06-22T10:44:33","date_gmt":"2023-06-22T08:44:33","guid":{"rendered":"https:\/\/lesesseppes.fr\/?page_id=164"},"modified":"2023-07-08T22:39:48","modified_gmt":"2023-07-08T20:39:48","slug":"maison-noirmoutrine","status":"publish","type":"page","link":"https:\/\/lesesseppes.fr\/index.php\/maison-noirmoutrine\/","title":{"rendered":"Maison noirmoutrine"},"content":{"rendered":"\n<h1 class=\"wp-block-heading has-text-align-center\" style=\"font-size:50px\">Maison typique Noirmoutrine<\/h1>\n\n\n\n<h1 class=\"wp-block-heading has-text-align-center\" style=\"font-size:50px\"> 5 personnes<\/h1>\n\n\n\n<p style=\"font-size:25px\">S\u00e9journez dans cette maison typique de p\u00eacheur r\u00e9nov\u00e9e avec beaucoup de gout. Les mat\u00e9riaux et literies sont de qualit\u00e9. Elle est tr\u00e8s bien \u00e9quip\u00e9e , avec confort moderne et id\u00e9alement situ\u00e9e dans le bourg de l&rsquo;\u00c9pine. Les commerces de premi\u00e8re n\u00e9cessit\u00e9 se trouvent \u00e0 proximit\u00e9 imm\u00e9diate et la plage Saint Jean est \u00e0 seulement 800m, 10 mn \u00e0 pied.&nbsp;<br>Au bout d&rsquo;un chemin s\u00e9curis\u00e9 et sur un terrain clos d&rsquo;environ 500m\u00b2, cette maison de vacances comprend une pi\u00e8ce de vie avec cuisine ouverte sur le s\u00e9jour et salon \u00e9quip\u00e9 du WI-FI, une salle d&rsquo;eau, un wc ind\u00e9pendant, une chambre avec 1 lit en 160 et une autre chambre avec 2 lits en 90. <\/p>\n\n\n\n<p style=\"font-size:25px\">Le jardin clos est propice \u00e0 la d\u00e9tente, la terrasse et le patio avec salon de jardin&nbsp;vous permettront de vivre des moments sympas en ext\u00e9rieur. Un barbecue est disponible pour les grillades.<\/p>\n\n\n\n<p style=\"font-size:25px\">Location de draps \u00e0 la demande et m\u00e9nage fin de s\u00e9jour payant possible.<\/p>\n\n\n\n<p style=\"font-size:25px\">Pour les grandes r\u00e9union famille ou vacances entre amis , possibilit\u00e9 de location d&rsquo;une deuxi\u00e8me maison sur le site portant la capacit\u00e9 labellis\u00e9e \u00e0 15 personnes.<\/p>\n\n\n\n<p style=\"font-size:25px\"> Un animal (chien ou chat) sera le bienvenu sous conditions et apr\u00e8s notre accord,<strong>&nbsp;<\/strong>\u00e0 pr\u00e9ciser au moment de la r\u00e9servation.<\/p>\n\n\n\n<div class=\"wp-block-uagb-image uagb-block-ffcd93ca wp-block-uagb-image--layout-default wp-block-uagb-image--effect-static wp-block-uagb-image--align-none\"><figure class=\"wp-block-uagb-image__figure\"><img decoding=\"async\" srcset=\"https:\/\/lesesseppes.fr\/wp-content\/uploads\/2023\/07\/IMG_1266-1024x768.jpg \" sizes=\"auto, (max-width: 480px) 150px\" src=\"https:\/\/lesesseppes.fr\/wp-content\/uploads\/2023\/07\/IMG_1266-1024x768.jpg\" alt=\"\" class=\"uag-image-726\" width=\"1200\" height=\"768\" title=\"\" loading=\"lazy\"\/><\/figure><\/div>\n\n\n\n<div style=\"height:100px\" aria-hidden=\"true\" class=\"wp-block-spacer\"><\/div>\n\n\n\n<figure class=\"wp-block-image aligncenter size-full is-resized\"><img loading=\"lazy\" decoding=\"async\" src=\"https:\/\/lesesseppes.fr\/wp-content\/uploads\/2023\/07\/3_etoiles_3_cles-removebg-preview.jpg\" alt=\"\" class=\"wp-image-656\" width=\"636\" height=\"254\" srcset=\"https:\/\/lesesseppes.fr\/wp-content\/uploads\/2023\/07\/3_etoiles_3_cles-removebg-preview.jpg 790w, https:\/\/lesesseppes.fr\/wp-content\/uploads\/2023\/07\/3_etoiles_3_cles-removebg-preview-300x120.jpg 300w, https:\/\/lesesseppes.fr\/wp-content\/uploads\/2023\/07\/3_etoiles_3_cles-removebg-preview-768x307.jpg 768w\" sizes=\"auto, (max-width: 636px) 100vw, 636px\" \/><\/figure>\n\n\n\n<hr class=\"wp-block-separator has-alpha-channel-opacity\"\/>\n\n\n\n<h3 class=\"wp-block-heading\">La pi\u00e8ce de vie<\/h3>\n\n\n\n<figure class=\"wp-block-gallery has-nested-images columns-default is-cropped wp-block-gallery-1 is-layout-flex wp-block-gallery-is-layout-flex\">\n<figure class=\"wp-block-image size-large\"><img loading=\"lazy\" decoding=\"async\" width=\"1024\" height=\"768\" data-id=\"453\" src=\"https:\/\/lesesseppes.fr\/wp-content\/uploads\/2023\/07\/IMG_3402-1024x768.jpg\" alt=\"\" class=\"wp-image-453\" srcset=\"https:\/\/lesesseppes.fr\/wp-content\/uploads\/2023\/07\/IMG_3402-1024x768.jpg 1024w, https:\/\/lesesseppes.fr\/wp-content\/uploads\/2023\/07\/IMG_3402-300x225.jpg 300w, https:\/\/lesesseppes.fr\/wp-content\/uploads\/2023\/07\/IMG_3402-768x576.jpg 768w, https:\/\/lesesseppes.fr\/wp-content\/uploads\/2023\/07\/IMG_3402-1536x1152.jpg 1536w, https:\/\/lesesseppes.fr\/wp-content\/uploads\/2023\/07\/IMG_3402-2048x1536.jpg 2048w\" sizes=\"auto, (max-width: 1024px) 100vw, 1024px\" \/><figcaption class=\"wp-element-caption\">VUE SUR CUISINE<\/figcaption><\/figure>\n\n\n\n<figure class=\"wp-block-image size-large\"><img loading=\"lazy\" decoding=\"async\" width=\"1024\" height=\"768\" data-id=\"454\" src=\"https:\/\/lesesseppes.fr\/wp-content\/uploads\/2023\/07\/IMG_3404-1024x768.jpg\" alt=\"\" class=\"wp-image-454\" srcset=\"https:\/\/lesesseppes.fr\/wp-content\/uploads\/2023\/07\/IMG_3404-1024x768.jpg 1024w, https:\/\/lesesseppes.fr\/wp-content\/uploads\/2023\/07\/IMG_3404-300x225.jpg 300w, https:\/\/lesesseppes.fr\/wp-content\/uploads\/2023\/07\/IMG_3404-768x576.jpg 768w, https:\/\/lesesseppes.fr\/wp-content\/uploads\/2023\/07\/IMG_3404-1536x1152.jpg 1536w, https:\/\/lesesseppes.fr\/wp-content\/uploads\/2023\/07\/IMG_3404-2048x1536.jpg 2048w\" sizes=\"auto, (max-width: 1024px) 100vw, 1024px\" \/><figcaption class=\"wp-element-caption\">SALON, ACCES AU PATIO<\/figcaption><\/figure>\n<\/figure>\n\n\n\n<p>vue sur cuisine depuis le salon, aper\u00e7u de l &lsquo;acc\u00e8s au patio \u00e0 l &lsquo;arri\u00e8re de la maison<\/p>\n\n\n\n<hr class=\"wp-block-separator has-alpha-channel-opacity\"\/>\n\n\n\n<h3 class=\"wp-block-heading\">La cuisine<\/h3>\n\n\n\n<div class=\"wp-block-uagb-image uagb-block-18e9d903 wp-block-uagb-image--layout-default wp-block-uagb-image--effect-static wp-block-uagb-image--align-none\"><figure class=\"wp-block-uagb-image__figure\"><img decoding=\"async\" srcset=\"https:\/\/lesesseppes.fr\/wp-content\/uploads\/2023\/07\/IMG_2372-1024x768.jpg \" sizes=\"auto, (max-width: 480px) 150px\" src=\"https:\/\/lesesseppes.fr\/wp-content\/uploads\/2023\/07\/IMG_2372-1024x768.jpg\" alt=\"\" class=\"uag-image-449\" width=\"582\" height=\"437\" title=\"\" loading=\"lazy\"\/><\/figure><\/div>\n\n\n\n<p>cuisine moderne, super \u00e9quip\u00e9e <\/p>\n\n\n\n<hr class=\"wp-block-separator has-alpha-channel-opacity\"\/>\n\n\n\n<h3 class=\"wp-block-heading\">Les chambres<\/h3>\n\n\n\n<div class=\"wp-block-uagb-image uagb-block-037d163e wp-block-uagb-image--layout-default wp-block-uagb-image--effect-static wp-block-uagb-image--align-none\"><figure class=\"wp-block-uagb-image__figure\"><img decoding=\"async\" srcset=\"https:\/\/lesesseppes.fr\/wp-content\/uploads\/2023\/07\/IMG_3408-1024x768.jpg \" sizes=\"auto, (max-width: 480px) 150px\" src=\"https:\/\/lesesseppes.fr\/wp-content\/uploads\/2023\/07\/IMG_3408-1024x768.jpg\" alt=\"\" class=\"uag-image-455\" width=\"584\" height=\"438\" title=\"\" loading=\"lazy\"\/><\/figure><\/div>\n\n\n\n<p>Chambre parents<\/p>\n\n\n\n<hr class=\"wp-block-separator has-alpha-channel-opacity\"\/>\n\n\n\n<figure class=\"wp-block-gallery has-nested-images columns-default is-cropped wp-block-gallery-2 is-layout-flex wp-block-gallery-is-layout-flex\">\n<figure class=\"wp-block-image size-large\"><img loading=\"lazy\" decoding=\"async\" width=\"1024\" height=\"768\" data-id=\"457\" src=\"https:\/\/lesesseppes.fr\/wp-content\/uploads\/2023\/07\/IMG_3497-1024x768.jpg\" alt=\"\" class=\"wp-image-457\" srcset=\"https:\/\/lesesseppes.fr\/wp-content\/uploads\/2023\/07\/IMG_3497-1024x768.jpg 1024w, https:\/\/lesesseppes.fr\/wp-content\/uploads\/2023\/07\/IMG_3497-300x225.jpg 300w, https:\/\/lesesseppes.fr\/wp-content\/uploads\/2023\/07\/IMG_3497-768x576.jpg 768w, https:\/\/lesesseppes.fr\/wp-content\/uploads\/2023\/07\/IMG_3497-1536x1152.jpg 1536w, https:\/\/lesesseppes.fr\/wp-content\/uploads\/2023\/07\/IMG_3497-2048x1536.jpg 2048w\" sizes=\"auto, (max-width: 1024px) 100vw, 1024px\" \/><figcaption class=\"wp-element-caption\">CHAMBRE 2<\/figcaption><\/figure>\n\n\n\n<figure class=\"wp-block-image size-large\"><img loading=\"lazy\" decoding=\"async\" width=\"1024\" height=\"768\" data-id=\"458\" src=\"https:\/\/lesesseppes.fr\/wp-content\/uploads\/2023\/07\/IMG_3500-1024x768.jpg\" alt=\"\" class=\"wp-image-458\" srcset=\"https:\/\/lesesseppes.fr\/wp-content\/uploads\/2023\/07\/IMG_3500-1024x768.jpg 1024w, https:\/\/lesesseppes.fr\/wp-content\/uploads\/2023\/07\/IMG_3500-300x225.jpg 300w, https:\/\/lesesseppes.fr\/wp-content\/uploads\/2023\/07\/IMG_3500-768x576.jpg 768w, https:\/\/lesesseppes.fr\/wp-content\/uploads\/2023\/07\/IMG_3500-1536x1152.jpg 1536w, https:\/\/lesesseppes.fr\/wp-content\/uploads\/2023\/07\/IMG_3500-2048x1536.jpg 2048w\" sizes=\"auto, (max-width: 1024px) 100vw, 1024px\" \/><figcaption class=\"wp-element-caption\">CHAMBRE 2<\/figcaption><\/figure>\n<\/figure>\n\n\n\n<p>Chambre deux lits<\/p>\n\n\n\n<hr class=\"wp-block-separator has-alpha-channel-opacity\"\/>\n\n\n\n<h3 class=\"wp-block-heading\">La salle d&rsquo;eau, commodit\u00e9s<\/h3>\n\n\n\n<figure class=\"wp-block-gallery has-nested-images columns-default is-cropped wp-block-gallery-3 is-layout-flex wp-block-gallery-is-layout-flex\">\n<figure class=\"wp-block-image size-large\"><img loading=\"lazy\" decoding=\"async\" width=\"768\" height=\"1024\" data-id=\"452\" src=\"https:\/\/lesesseppes.fr\/wp-content\/uploads\/2023\/07\/IMG_3398-768x1024.jpg\" alt=\"\" class=\"wp-image-452\" srcset=\"https:\/\/lesesseppes.fr\/wp-content\/uploads\/2023\/07\/IMG_3398-768x1024.jpg 768w, https:\/\/lesesseppes.fr\/wp-content\/uploads\/2023\/07\/IMG_3398-225x300.jpg 225w, https:\/\/lesesseppes.fr\/wp-content\/uploads\/2023\/07\/IMG_3398-1152x1536.jpg 1152w, https:\/\/lesesseppes.fr\/wp-content\/uploads\/2023\/07\/IMG_3398-1536x2048.jpg 1536w, https:\/\/lesesseppes.fr\/wp-content\/uploads\/2023\/07\/IMG_3398-scaled.jpg 1920w\" sizes=\"auto, (max-width: 768px) 100vw, 768px\" \/><figcaption class=\"wp-element-caption\">SALLE D&rsquo; EAU<\/figcaption><\/figure>\n\n\n\n<figure class=\"wp-block-image size-full\"><img loading=\"lazy\" decoding=\"async\" width=\"1512\" height=\"2016\" data-id=\"447\" src=\"https:\/\/lesesseppes.fr\/wp-content\/uploads\/2023\/07\/IMG_2357-rotated.jpg\" alt=\"\" class=\"wp-image-447\" srcset=\"https:\/\/lesesseppes.fr\/wp-content\/uploads\/2023\/07\/IMG_2357-rotated.jpg 1512w, https:\/\/lesesseppes.fr\/wp-content\/uploads\/2023\/07\/IMG_2357-225x300.jpg 225w, https:\/\/lesesseppes.fr\/wp-content\/uploads\/2023\/07\/IMG_2357-768x1024.jpg 768w, https:\/\/lesesseppes.fr\/wp-content\/uploads\/2023\/07\/IMG_2357-1152x1536.jpg 1152w\" sizes=\"auto, (max-width: 1512px) 100vw, 1512px\" \/><figcaption class=\"wp-element-caption\">WC<\/figcaption><\/figure>\n<\/figure>\n\n\n\n<p>Vue sur la salle d&rsquo;eau avec douche a l&rsquo;italienne, WC s\u00e9par\u00e9 avec fen\u00eatre<\/p>\n\n\n\n<hr class=\"wp-block-separator has-alpha-channel-opacity\"\/>\n\n\n\n<h3 class=\"wp-block-heading\">Le jardin , l&rsquo;acc\u00e8s a la maison : chemin s\u00e9curis\u00e9<\/h3>\n\n\n\n<div class=\"wp-block-uagb-container uagb-block-b1a3aeaa alignfull uagb-is-root-container\"><div class=\"uagb-container-inner-blocks-wrap\">\n<div class=\"wp-block-uagb-container uagb-block-ce3e9baf\">\n<figure class=\"wp-block-image size-full\"><img loading=\"lazy\" decoding=\"async\" width=\"2016\" height=\"1512\" src=\"https:\/\/lesesseppes.fr\/wp-content\/uploads\/2023\/07\/IMG_2368.jpg\" alt=\"\" class=\"wp-image-448\"\/><\/figure>\n<\/div>\n\n\n\n<div class=\"wp-block-uagb-container uagb-block-1d224642\">\n<figure class=\"wp-block-image alignright size-large is-resized\"><img loading=\"lazy\" decoding=\"async\" src=\"https:\/\/lesesseppes.fr\/wp-content\/uploads\/2023\/07\/IMG_3394-1024x768.jpg\" alt=\"\" class=\"wp-image-451\" width=\"417\" height=\"313\" srcset=\"https:\/\/lesesseppes.fr\/wp-content\/uploads\/2023\/07\/IMG_3394-1024x768.jpg 1024w, https:\/\/lesesseppes.fr\/wp-content\/uploads\/2023\/07\/IMG_3394-300x225.jpg 300w, https:\/\/lesesseppes.fr\/wp-content\/uploads\/2023\/07\/IMG_3394-768x576.jpg 768w, https:\/\/lesesseppes.fr\/wp-content\/uploads\/2023\/07\/IMG_3394-1536x1152.jpg 1536w, https:\/\/lesesseppes.fr\/wp-content\/uploads\/2023\/07\/IMG_3394-2048x1536.jpg 2048w\" sizes=\"auto, (max-width: 417px) 100vw, 417px\" \/><\/figure>\n<\/div>\n<\/div><\/div>\n\n\n\n<div class=\"wp-block-uagb-container uagb-block-6406de31 alignfull uagb-is-root-container\"><div class=\"uagb-container-inner-blocks-wrap\">\n<div class=\"wp-block-uagb-container uagb-block-18f9d5f6\">\n<figure class=\"wp-block-image alignleft size-large is-resized\"><img loading=\"lazy\" decoding=\"async\" src=\"https:\/\/lesesseppes.fr\/wp-content\/uploads\/2023\/07\/IMG_1270-1024x768.jpg\" alt=\"\" class=\"wp-image-446\" width=\"417\" height=\"313\" srcset=\"https:\/\/lesesseppes.fr\/wp-content\/uploads\/2023\/07\/IMG_1270-1024x768.jpg 1024w, https:\/\/lesesseppes.fr\/wp-content\/uploads\/2023\/07\/IMG_1270-300x225.jpg 300w, https:\/\/lesesseppes.fr\/wp-content\/uploads\/2023\/07\/IMG_1270-768x576.jpg 768w, https:\/\/lesesseppes.fr\/wp-content\/uploads\/2023\/07\/IMG_1270-1536x1152.jpg 1536w, https:\/\/lesesseppes.fr\/wp-content\/uploads\/2023\/07\/IMG_1270-2048x1536.jpg 2048w\" sizes=\"auto, (max-width: 417px) 100vw, 417px\" \/><\/figure>\n<\/div>\n\n\n\n<div class=\"wp-block-uagb-container uagb-block-d74a8416\">\n<figure class=\"wp-block-image size-large\"><img loading=\"lazy\" decoding=\"async\" width=\"1024\" height=\"768\" src=\"https:\/\/lesesseppes.fr\/wp-content\/uploads\/2023\/07\/IMG_3346-1024x768.jpg\" alt=\"\" class=\"wp-image-450\" srcset=\"https:\/\/lesesseppes.fr\/wp-content\/uploads\/2023\/07\/IMG_3346-1024x768.jpg 1024w, https:\/\/lesesseppes.fr\/wp-content\/uploads\/2023\/07\/IMG_3346-300x225.jpg 300w, https:\/\/lesesseppes.fr\/wp-content\/uploads\/2023\/07\/IMG_3346-768x576.jpg 768w, https:\/\/lesesseppes.fr\/wp-content\/uploads\/2023\/07\/IMG_3346-1536x1152.jpg 1536w, https:\/\/lesesseppes.fr\/wp-content\/uploads\/2023\/07\/IMG_3346-2048x1536.jpg 2048w\" sizes=\"auto, (max-width: 1024px) 100vw, 1024px\" \/><\/figure>\n<\/div>\n<\/div><\/div>\n\n\n\n<p>jardin de 450 m2 clos, chemin d&rsquo;acc\u00e8s privatif et s\u00e9curis\u00e9 \u00e0 la maison<\/p>\n\n\n\n<h3 class=\"wp-block-heading\">La terrasse et le patio<\/h3>\n\n\n\n<div class=\"wp-block-uagb-container uagb-block-242e113a alignfull uagb-is-root-container\"><div class=\"uagb-container-inner-blocks-wrap\">\n<div class=\"wp-block-uagb-container uagb-block-ea5c2e00\">\n<div class=\"wp-block-uagb-image uagb-block-5d528da9 wp-block-uagb-image--layout-default wp-block-uagb-image--effect-static wp-block-uagb-image--align-none\"><figure class=\"wp-block-uagb-image__figure\"><img decoding=\"async\" srcset=\"https:\/\/lesesseppes.fr\/wp-content\/uploads\/2023\/07\/IMG_3469-1024x768.jpg \" sizes=\"(max-width: 480px) 150px\" src=\"https:\/\/lesesseppes.fr\/wp-content\/uploads\/2023\/07\/IMG_3469-1024x768.jpg\" alt=\"\" class=\"uag-image-456\" title=\"\" loading=\"lazy\"\/><\/figure><\/div>\n<\/div>\n\n\n\n<div class=\"wp-block-uagb-container uagb-block-c5513921\">\n<div class=\"wp-block-uagb-image uagb-block-020eec8c wp-block-uagb-image--layout-default wp-block-uagb-image--effect-static wp-block-uagb-image--align-none\"><figure class=\"wp-block-uagb-image__figure\"><img decoding=\"async\" srcset=\"https:\/\/lesesseppes.fr\/wp-content\/uploads\/2023\/07\/IMG_5932-1024x768.jpg \" sizes=\"(max-width: 480px) 150px\" src=\"https:\/\/lesesseppes.fr\/wp-content\/uploads\/2023\/07\/IMG_5932-1024x768.jpg\" alt=\"\" class=\"uag-image-460\" title=\"\" loading=\"lazy\"\/><\/figure><\/div>\n<\/div>\n\n\n\n<div class=\"wp-block-uagb-container uagb-block-62ed1857\">\n<div class=\"wp-block-uagb-image uagb-block-af117298 wp-block-uagb-image--layout-default wp-block-uagb-image--effect-static wp-block-uagb-image--align-none\"><figure class=\"wp-block-uagb-image__figure\"><img decoding=\"async\" srcset=\"https:\/\/lesesseppes.fr\/wp-content\/uploads\/2023\/07\/IMG_0649-rotated.jpg \" sizes=\"(max-width: 480px) 150px\" src=\"https:\/\/lesesseppes.fr\/wp-content\/uploads\/2023\/07\/IMG_0649-rotated.jpg\" alt=\"\" class=\"uag-image-465\" title=\"\" loading=\"lazy\"\/><\/figure><\/div>\n<\/div>\n\n\n\n<div class=\"wp-block-uagb-container uagb-block-37eaaf80\">\n<div class=\"wp-block-uagb-image uagb-block-37675e69 wp-block-uagb-image--layout-default wp-block-uagb-image--effect-static wp-block-uagb-image--align-none\"><figure class=\"wp-block-uagb-image__figure\"><img decoding=\"async\" srcset=\"https:\/\/lesesseppes.fr\/wp-content\/uploads\/2023\/07\/IMG_5933-1024x768.jpg \" sizes=\"(max-width: 480px) 150px\" src=\"https:\/\/lesesseppes.fr\/wp-content\/uploads\/2023\/07\/IMG_5933-1024x768.jpg\" alt=\"\" class=\"uag-image-459\" title=\"\" loading=\"lazy\"\/><\/figure><\/div>\n<\/div>\n<\/div><\/div>\n\n\n\n<p>Terrasse avant vers jardin et patio arri\u00e8re<\/p>\n\n\n\n<p style=\"font-size:30px\">POUR VISUALISER LES DISPONIBILITES ET TARIFS , CLIQUEZ CI DESSOUS<\/p>\n\n\n\n<div class=\"wp-block-media-text alignwide is-stacked-on-mobile has-link-color wp-elements-583f6d3e39a0a4ca9673c857d276e1f1\" style=\"grid-template-columns:15% auto\"><figure class=\"wp-block-media-text__media\"><a href=\"https:\/\/ile-noirmoutier.com\/fr\/se-loger\/locations\/m-raepsaet-maison-mitoyenne-5-personnes.html\"><img loading=\"lazy\" decoding=\"async\" width=\"1024\" height=\"788\" src=\"https:\/\/lesesseppes.fr\/wp-content\/uploads\/2023\/07\/ile_de_noimoutier_logo_b-1024x788.png\" alt=\"\" class=\"wp-image-620 size-full\" srcset=\"https:\/\/lesesseppes.fr\/wp-content\/uploads\/2023\/07\/ile_de_noimoutier_logo_b-1024x788.png 1024w, https:\/\/lesesseppes.fr\/wp-content\/uploads\/2023\/07\/ile_de_noimoutier_logo_b-300x231.png 300w, https:\/\/lesesseppes.fr\/wp-content\/uploads\/2023\/07\/ile_de_noimoutier_logo_b-768x591.png 768w, https:\/\/lesesseppes.fr\/wp-content\/uploads\/2023\/07\/ile_de_noimoutier_logo_b-1536x1182.png 1536w, https:\/\/lesesseppes.fr\/wp-content\/uploads\/2023\/07\/ile_de_noimoutier_logo_b.png 1664w\" sizes=\"auto, (max-width: 1024px) 100vw, 1024px\" \/><\/a><\/figure><div class=\"wp-block-media-text__content\">\n<p class=\"has-text-align-left has-link-color has-medium-font-size wp-elements-01b090ec826d6b9982072f492eb4ae6a\"><a href=\"https:\/\/ile-noirmoutier.com\/fr\/se-loger\/locations\/m-raepsaet-maison-mitoyenne-5-personnes.html\" target=\"_blank\" rel=\"noopener\" title=\"Lien vers l'office du tourisme\">Lien vers l&rsquo;office du tourisme<\/a><\/p>\n<\/div><\/div>\n\n\n\n<div style=\"height:100px\" aria-hidden=\"true\" class=\"wp-block-spacer\"><\/div>\n\n\n\n<div class=\"wp-block-media-text alignwide is-stacked-on-mobile\" style=\"grid-template-columns:15% auto\"><figure class=\"wp-block-media-text__media\"><a href=\"https:\/\/www.clevacances.com\/fr\/locationvacances\/paysdelaloire\/vendee\/lepine-34547\/maison_de_pecheur_dans_le_bourg_de_lepine_sur_lile_de_noirmoutier\/61809\"><img loading=\"lazy\" decoding=\"async\" width=\"1024\" height=\"556\" src=\"https:\/\/lesesseppes.fr\/wp-content\/uploads\/2023\/07\/Logo_CleVacances-1024x556.jpg\" alt=\"\" class=\"wp-image-621 size-full\" srcset=\"https:\/\/lesesseppes.fr\/wp-content\/uploads\/2023\/07\/Logo_CleVacances-1024x556.jpg 1024w, https:\/\/lesesseppes.fr\/wp-content\/uploads\/2023\/07\/Logo_CleVacances-300x163.jpg 300w, https:\/\/lesesseppes.fr\/wp-content\/uploads\/2023\/07\/Logo_CleVacances-768x417.jpg 768w, https:\/\/lesesseppes.fr\/wp-content\/uploads\/2023\/07\/Logo_CleVacances-1536x834.jpg 1536w, https:\/\/lesesseppes.fr\/wp-content\/uploads\/2023\/07\/Logo_CleVacances-2048x1112.jpg 2048w\" sizes=\"auto, (max-width: 1024px) 100vw, 1024px\" \/><\/a><\/figure><div class=\"wp-block-media-text__content\">\n<p class=\"has-link-color has-medium-font-size wp-elements-92bd31d279c8585380cd07bc6aeb1d2c\" style=\"margin-top:0;margin-right:0;margin-bottom:0;margin-left:0;padding-top:0;padding-right:0;padding-bottom:0;padding-left:0\"><a href=\"https:\/\/www.clevacances.com\/fr\/locationvacances\/paysdelaloire\/vendee\/lepine-34547\/maison_de_pecheur_dans_le_bourg_de_lepine_sur_lile_de_noirmoutier\/61809\" title=\"Lien vers le site Cl\u00e9 Vacances\">Lien vers le site Cl\u00e9 Vacances<\/a><\/p>\n<\/div><\/div>\n\n\n\n<hr class=\"wp-block-separator has-alpha-channel-opacity\"\/>\n","protected":false},"excerpt":{"rendered":"<p>Maison typique Noirmoutrine 5 personnes S\u00e9journez dans cette maison typique de p\u00eacheur r\u00e9nov\u00e9e avec beaucoup de gout. Les mat\u00e9riaux et literies sont de qualit\u00e9. Elle est tr\u00e8s bien \u00e9quip\u00e9e , [&hellip;]<\/p>\n","protected":false},"author":1,"featured_media":0,"parent":0,"menu_order":0,"comment_status":"closed","ping_status":"closed","template":"","meta":{"_uag_custom_page_level_css":"","_monsterinsights_skip_tracking":false,"_monsterinsights_sitenote_active":false,"_monsterinsights_sitenote_note":"","_monsterinsights_sitenote_category":0,"site-sidebar-layout":"default","site-content-layout":"","ast-site-content-layout":"default","site-content-style":"default","site-sidebar-style":"default","ast-global-header-display":"","ast-banner-title-visibility":"","ast-main-header-display":"","ast-hfb-above-header-display":"","ast-hfb-below-header-display":"","ast-hfb-mobile-header-display":"","site-post-title":"disabled","ast-breadcrumbs-content":"","ast-featured-img":"","footer-sml-layout":"","theme-transparent-header-meta":"","adv-header-id-meta":"","stick-header-meta":"","header-above-stick-meta":"","header-main-stick-meta":"","header-below-stick-meta":"","astra-migrate-meta-layouts":"default","ast-page-background-enabled":"default","ast-page-background-meta":{"desktop":{"background-color":"var(--ast-global-color-4)","background-image":"","background-repeat":"repeat","background-position":"center center","background-size":"auto","background-attachment":"scroll","background-type":"","background-media":"","overlay-type":"","overlay-color":"","overlay-opacity":"","overlay-gradient":""},"tablet":{"background-color":"","background-image":"","background-repeat":"repeat","background-position":"center center","background-size":"auto","background-attachment":"scroll","background-type":"","background-media":"","overlay-type":"","overlay-color":"","overlay-opacity":"","overlay-gradient":""},"mobile":{"background-color":"","background-image":"","background-repeat":"repeat","background-position":"center center","background-size":"auto","background-attachment":"scroll","background-type":"","background-media":"","overlay-type":"","overlay-color":"","overlay-opacity":"","overlay-gradient":""}},"ast-content-background-meta":{"desktop":{"background-color":"var(--ast-global-color-5)","background-image":"","background-repeat":"repeat","background-position":"center center","background-size":"auto","background-attachment":"scroll","background-type":"","background-media":"","overlay-type":"","overlay-color":"","overlay-opacity":"","overlay-gradient":""},"tablet":{"background-color":"var(--ast-global-color-5)","background-image":"","background-repeat":"repeat","background-position":"center center","background-size":"auto","background-attachment":"scroll","background-type":"","background-media":"","overlay-type":"","overlay-color":"","overlay-opacity":"","overlay-gradient":""},"mobile":{"background-color":"var(--ast-global-color-5)","background-image":"","background-repeat":"repeat","background-position":"center center","background-size":"auto","background-attachment":"scroll","background-type":"","background-media":"","overlay-type":"","overlay-color":"","overlay-opacity":"","overlay-gradient":""}},"footnotes":""},"class_list":["post-164","page","type-page","status-publish","hentry"],"aioseo_notices":[],"uagb_featured_image_src":{"full":false,"thumbnail":false,"medium":false,"medium_large":false,"large":false,"1536x1536":false,"2048x2048":false},"uagb_author_info":{"display_name":"admin","author_link":"https:\/\/lesesseppes.fr\/index.php\/author\/admin\/"},"uagb_comment_info":0,"uagb_excerpt":"Maison typique Noirmoutrine 5 personnes S\u00e9journez dans cette maison typique de p\u00eacheur r\u00e9nov\u00e9e avec beaucoup de gout. Les mat\u00e9riaux et literies sont de qualit\u00e9. Elle est tr\u00e8s bien \u00e9quip\u00e9e , [&hellip;]","_links":{"self":[{"href":"https:\/\/lesesseppes.fr\/index.php\/wp-json\/wp\/v2\/pages\/164","targetHints":{"allow":["GET"]}}],"collection":[{"href":"https:\/\/lesesseppes.fr\/index.php\/wp-json\/wp\/v2\/pages"}],"about":[{"href":"https:\/\/lesesseppes.fr\/index.php\/wp-json\/wp\/v2\/types\/page"}],"author":[{"embeddable":true,"href":"https:\/\/lesesseppes.fr\/index.php\/wp-json\/wp\/v2\/users\/1"}],"replies":[{"embeddable":true,"href":"https:\/\/lesesseppes.fr\/index.php\/wp-json\/wp\/v2\/comments?post=164"}],"version-history":[{"count":54,"href":"https:\/\/lesesseppes.fr\/index.php\/wp-json\/wp\/v2\/pages\/164\/revisions"}],"predecessor-version":[{"id":881,"href":"https:\/\/lesesseppes.fr\/index.php\/wp-json\/wp\/v2\/pages\/164\/revisions\/881"}],"wp:attachment":[{"href":"https:\/\/lesesseppes.fr\/index.php\/wp-json\/wp\/v2\/media?parent=164"}],"curies":[{"name":"wp","href":"https:\/\/api.w.org\/{rel}","templated":true}]}}