{"id":87,"date":"2023-06-19T11:25:21","date_gmt":"2023-06-19T09:25:21","guid":{"rendered":"https:\/\/lesesseppes.fr\/index.php\/colibri-wp\/"},"modified":"2025-04-12T11:10:30","modified_gmt":"2025-04-12T09:10:30","slug":"page-daccueil","status":"publish","type":"page","link":"https:\/\/lesesseppes.fr\/","title":{"rendered":"Page d&rsquo;accueil"},"content":{"rendered":"\n<div class=\"wp-block-uagb-container uagb-block-d935c328 alignfull uagb-is-root-container\">\n<div class=\"wp-block-uagb-advanced-heading uagb-block-b7b84734\"><h2 class=\"uagb-heading-text\">Les Esseppes<\/h2><\/div>\n<\/div>\n\n\n\n<div style=\"height:100px\" aria-hidden=\"true\" class=\"wp-block-spacer\"><\/div>\n\n\n\n<h1 class=\"wp-block-heading has-text-align-center\" style=\"font-size:50px\">Bienvenue sur notre site <\/h1>\n\n\n\n<h1 class=\"wp-block-heading has-text-align-center\" style=\"font-size:50px\">Les Esseppes<\/h1>\n\n\n\n<div class=\"wp-block-media-text is-stacked-on-mobile is-vertically-aligned-center\" style=\"grid-template-columns:20% auto\"><figure class=\"wp-block-media-text__media\"><img loading=\"lazy\" decoding=\"async\" width=\"768\" height=\"1024\" src=\"https:\/\/lesesseppes.fr\/wp-content\/uploads\/2023\/06\/IMG_6170-768x1024.jpg\" alt=\"\" class=\"wp-image-284 size-full\" srcset=\"https:\/\/lesesseppes.fr\/wp-content\/uploads\/2023\/06\/IMG_6170-768x1024.jpg 768w, https:\/\/lesesseppes.fr\/wp-content\/uploads\/2023\/06\/IMG_6170-225x300.jpg 225w, https:\/\/lesesseppes.fr\/wp-content\/uploads\/2023\/06\/IMG_6170-1152x1536.jpg 1152w, https:\/\/lesesseppes.fr\/wp-content\/uploads\/2023\/06\/IMG_6170-1536x2048.jpg 1536w, https:\/\/lesesseppes.fr\/wp-content\/uploads\/2023\/06\/IMG_6170-scaled.jpg 1920w\" sizes=\"auto, (max-width: 768px) 100vw, 768px\" \/><\/figure><div class=\"wp-block-media-text__content\">\n<h3 class=\"wp-block-heading\" style=\"font-size:25px\">Les Esseppes, k\u00e9zako ? \u00ab\u00a0Esseppe\u00a0\u00bb est un mot vend\u00e9en qui d\u00e9signe les pierres perc\u00e9es qui marquent l\u2019entr\u00e9e de  marais salants ou aussi de prairies. Elles servent \u00e0 supporter de longues barres de bois qui en ferment l\u2019acc\u00e8s. <\/h3>\n\n\n\n<h3 class=\"wp-block-heading\" style=\"font-size:25px\">Deux esseppes sont pr\u00e9sentes \u00e0 l\u2019entr\u00e9e de la propri\u00e9t\u00e9.&nbsp;<\/h3>\n<\/div><\/div>\n\n\n\n<h3 class=\"wp-block-heading\" style=\"font-size:25px\">Les Esseppes c\u2019est un lieu au coeur du tr\u00e8s joli village de l\u2019Epine. A pied ou \u00e0 v\u00e9lo, vous serez en territoire apais\u00e9. Tous les commerces de premi\u00e8re n\u00e9cessit\u00e9 se trouvent \u00e0 proximit\u00e9 imm\u00e9diate. La plage&nbsp; \u00ab&nbsp;Saint Jean&nbsp;\u00bb est aussi toute proche, \u00e0 800m soit 10 minutes \u00e0 pied.&nbsp;<\/h3>\n\n\n\n<h3 class=\"wp-block-heading\" style=\"font-size:25px\">Aux Esseppes,  deux maisons. Vous avez suivant disponibilit\u00e9 la possibilit\u00e9 de r\u00e9server l\u2019une ou l\u2019autre ou les deux en m\u00eame temps.&nbsp;<\/h3>\n\n\n\n<h3 class=\"wp-block-heading\" style=\"font-size:25px\">La premi\u00e8re est une grande villa contemporaine et familiale pour 10 personnes, id\u00e9ale pour des cousinades, vacances en famille ou entre amis. Vous pourrez profiter d&rsquo;une belle piscine privative de 7,60X3,50 s\u00e9curis\u00e9e par un abri coulissant .Elle est labellis\u00e9e 4* et 3 cl\u00e9s vacances . Elle est \u00e9galement accessible aux PMR.<\/h3>\n\n\n\n<h2 class=\"wp-block-heading\" style=\"font-size:25px\">Elle est accessible aux PMR.<\/h2>\n\n\n\n<h3 class=\"wp-block-heading\" style=\"font-size:25px\">La seconde, plus intime, centenaire est d\u2019architecture typique noirmoutrine. Enti\u00e8rement r\u00e9nov\u00e9e elle offre un confort moderne et est labellis\u00e9e 3* et 3 cl\u00e9s vacances. Elle a une capacit\u00e9 de 5 personnes.&nbsp;<\/h3>\n\n\n\n<h3 class=\"wp-block-heading\" style=\"font-size:25px\">La qualit\u00e9 est au rendez vous : mat\u00e9riaux, ameublement, d\u00e9coration, \u00e9quipements, literies, jardins clos et soign\u00e9s .<\/h3>\n\n\n\n<h3 class=\"wp-block-heading\" style=\"font-size:25px\"> Tout a \u00e9t\u00e9 pens\u00e9 pour que vos vacances soient agr\u00e9ables, que vous vous sentiez comme chez vous .&nbsp;<\/h3>\n\n\n\n<h3 class=\"wp-block-heading\" style=\"font-size:25px\">Bienvenue \u00e0 l&rsquo; Epine !<\/h3>\n\n\n\t\t\t\t\t<div\n\t\t\t\t\t\tclass=\"wp-block-uagb-image-gallery uagb-block-bc6185eb     \"\n\t\t\t\t\t\tstyle=\"\"\n\t\t\t\t\t>\n\t\t\t\t\t\t\t\t\t\t\t<div class=\"spectra-image-gallery spectra-image-gallery__layout--grid spectra-image-gallery__layout--grid-col-2 spectra-image-gallery__layout--grid-col-tab-4 spectra-image-gallery__layout--grid-col-mob-4\">\n\t\t\t\t\t\t\t\t\t\t\t<div class='spectra-image-gallery__media-wrapper' data-spectra-gallery-image-id='489' tabindex=\"0\">\n\t\t\t\t\t\t\t<div class=\"spectra-image-gallery__media spectra-image-gallery__media--grid\">\n\t\t\t\t<picture>\n\t\t\t\t\t<source media=\"(min-width: 1024px)\" srcset=\"https:\/\/lesesseppes.fr\/wp-content\/uploads\/2023\/07\/site-noirmout-712-1024x768.jpg\">\n\t\t\t\t\t<source media=\"(min-width: 768px)\" srcset=\"https:\/\/lesesseppes.fr\/wp-content\/uploads\/2023\/07\/site-noirmout-712-1024x768.jpg\">\n\t\t\t\t\t<img decoding=\"async\" class=\"spectra-image-gallery__media-thumbnail spectra-image-gallery__media-thumbnail--grid\" src=\"https:\/\/lesesseppes.fr\/wp-content\/uploads\/2023\/07\/site-noirmout-712-300x225.jpg\" alt=\"\" loading=\"lazy\" \/>\n\t\t\t\t<\/picture>\n\t\t\t\t<div class=\"spectra-image-gallery__media-thumbnail-blurrer\"><\/div>\n\t\t\t\t\t\t\t\t\t\t\t<div class=\"spectra-image-gallery__media-thumbnail-caption-wrapper spectra-image-gallery__media-thumbnail-caption-wrapper--overlay\"><\/div>\n\t\t\t\t\t\t\t\t<\/div>\n\t\t\t\t\t\t<\/div>\n\t\t\t\t\t\t<div class='spectra-image-gallery__media-wrapper' data-spectra-gallery-image-id='443' tabindex=\"0\">\n\t\t\t\t\t\t\t<div class=\"spectra-image-gallery__media spectra-image-gallery__media--grid\">\n\t\t\t\t<picture>\n\t\t\t\t\t<source media=\"(min-width: 1024px)\" srcset=\"https:\/\/lesesseppes.fr\/wp-content\/uploads\/2023\/07\/Capture-decran-2023-07-06-a-09.25.57-1024x766.png\">\n\t\t\t\t\t<source media=\"(min-width: 768px)\" srcset=\"https:\/\/lesesseppes.fr\/wp-content\/uploads\/2023\/07\/Capture-decran-2023-07-06-a-09.25.57-1024x766.png\">\n\t\t\t\t\t<img decoding=\"async\" class=\"spectra-image-gallery__media-thumbnail spectra-image-gallery__media-thumbnail--grid\" src=\"https:\/\/lesesseppes.fr\/wp-content\/uploads\/2023\/07\/Capture-decran-2023-07-06-a-09.25.57-300x224.png\" alt=\"\" loading=\"lazy\" \/>\n\t\t\t\t<\/picture>\n\t\t\t\t<div class=\"spectra-image-gallery__media-thumbnail-blurrer\"><\/div>\n\t\t\t\t\t\t\t\t\t\t\t<div class=\"spectra-image-gallery__media-thumbnail-caption-wrapper spectra-image-gallery__media-thumbnail-caption-wrapper--overlay\"><\/div>\n\t\t\t\t\t\t\t\t<\/div>\n\t\t\t\t\t\t<\/div>\n\t\t\t\t\t\t<div class='spectra-image-gallery__media-wrapper' data-spectra-gallery-image-id='445' tabindex=\"0\">\n\t\t\t\t\t\t\t<div class=\"spectra-image-gallery__media spectra-image-gallery__media--grid\">\n\t\t\t\t<picture>\n\t\t\t\t\t<source media=\"(min-width: 1024px)\" srcset=\"https:\/\/lesesseppes.fr\/wp-content\/uploads\/2023\/07\/Capture-decran-2023-07-06-a-09.27.05.png\">\n\t\t\t\t\t<source media=\"(min-width: 768px)\" srcset=\"https:\/\/lesesseppes.fr\/wp-content\/uploads\/2023\/07\/Capture-decran-2023-07-06-a-09.27.05.png\">\n\t\t\t\t\t<img decoding=\"async\" class=\"spectra-image-gallery__media-thumbnail spectra-image-gallery__media-thumbnail--grid\" src=\"https:\/\/lesesseppes.fr\/wp-content\/uploads\/2023\/07\/Capture-decran-2023-07-06-a-09.27.05-300x199.png\" alt=\"\" loading=\"lazy\" \/>\n\t\t\t\t<\/picture>\n\t\t\t\t<div class=\"spectra-image-gallery__media-thumbnail-blurrer\"><\/div>\n\t\t\t\t\t\t\t\t\t\t\t<div class=\"spectra-image-gallery__media-thumbnail-caption-wrapper spectra-image-gallery__media-thumbnail-caption-wrapper--overlay\"><\/div>\n\t\t\t\t\t\t\t\t<\/div>\n\t\t\t\t\t\t<\/div>\n\t\t\t\t\t\t<div class='spectra-image-gallery__media-wrapper' data-spectra-gallery-image-id='787' tabindex=\"0\">\n\t\t\t\t\t\t\t<div class=\"spectra-image-gallery__media spectra-image-gallery__media--grid\">\n\t\t\t\t<picture>\n\t\t\t\t\t<source media=\"(min-width: 1024px)\" srcset=\"https:\/\/lesesseppes.fr\/wp-content\/uploads\/2023\/07\/10-23.jpg\">\n\t\t\t\t\t<source media=\"(min-width: 768px)\" srcset=\"https:\/\/lesesseppes.fr\/wp-content\/uploads\/2023\/07\/10-23.jpg\">\n\t\t\t\t\t<img decoding=\"async\" class=\"spectra-image-gallery__media-thumbnail spectra-image-gallery__media-thumbnail--grid\" src=\"https:\/\/lesesseppes.fr\/wp-content\/uploads\/2023\/07\/10-23-300x195.jpg\" alt=\"\" loading=\"lazy\" \/>\n\t\t\t\t<\/picture>\n\t\t\t\t<div class=\"spectra-image-gallery__media-thumbnail-blurrer\"><\/div>\n\t\t\t\t\t\t\t\t\t\t\t<div class=\"spectra-image-gallery__media-thumbnail-caption-wrapper spectra-image-gallery__media-thumbnail-caption-wrapper--overlay\"><\/div>\n\t\t\t\t\t\t\t\t<\/div>\n\t\t\t\t\t\t<\/div>\n\t\t\t\t\t\t\t\t\t\t<\/div>\n\t\t\t\t\t\t\t\t\t\t\t\t\t\t\t\t\t\t<\/div>\n\t\t\t\t\t\t\t\t\t\n\n\n<hr class=\"wp-block-separator has-alpha-channel-opacity\"\/>\n\n\n\n<div class=\"wp-block-uagb-advanced-heading uagb-block-a7c34040\"><h2 class=\"uagb-heading-text\">O\u00f9 sommes-nous ?<\/h2><\/div>\n\n\n\t\t\t<div \n\t\t\tclass=\"wp-block-uagb-google-map uagb-google-map__wrap uagb-block-15ae628f    uag-blocks-common-selector \"\n\t\t\tstyle=\"--z-index-desktop:44;\" >\n\t\t\t\t<embed\n\t\t\t\t\tclass=\"uagb-google-map__iframe\"\n\t\t\t\t\ttitle=\"Carte Google pour \"\n\t\t\t\t\tsrc=\"https:\/\/maps.google.com\/maps?q=16%20rue%20de%20l%27h%C3%B4tel%20de%20ville%2C%2085740&#038;z=14&#038;hl=fr&#038;t=m&#038;output=embed&#038;iwloc=near\"\n\t\t\t\t\twidth=\"640\"\n\t\t\t\t\theight=\"636\"\n\t\t\t\t\tloading=\"lazy\"\n\t\t\t\t><\/embed>\n\t\t\t<\/div>\n\t\t\t","protected":false},"excerpt":{"rendered":"<p>Les Esseppes Bienvenue sur notre site Les Esseppes Les Esseppes, k\u00e9zako ? \u00ab\u00a0Esseppe\u00a0\u00bb est un mot vend\u00e9en qui d\u00e9signe les pierres perc\u00e9es qui marquent l\u2019entr\u00e9e de marais salants ou aussi [&hellip;]<\/p>\n","protected":false},"author":1,"featured_media":0,"parent":0,"menu_order":0,"comment_status":"closed","ping_status":"closed","template":"","meta":{"_uag_custom_page_level_css":"","_monsterinsights_skip_tracking":false,"_monsterinsights_sitenote_active":false,"_monsterinsights_sitenote_note":"","_monsterinsights_sitenote_category":0,"site-sidebar-layout":"default","site-content-layout":"default","ast-site-content-layout":"default","site-content-style":"default","site-sidebar-style":"default","ast-global-header-display":"","ast-banner-title-visibility":"","ast-main-header-display":"","ast-hfb-above-header-display":"","ast-hfb-below-header-display":"","ast-hfb-mobile-header-display":"","site-post-title":"disabled","ast-breadcrumbs-content":"","ast-featured-img":"","footer-sml-layout":"","theme-transparent-header-meta":"","adv-header-id-meta":"","stick-header-meta":"","header-above-stick-meta":"","header-main-stick-meta":"","header-below-stick-meta":"","astra-migrate-meta-layouts":"default","ast-page-background-enabled":"default","ast-page-background-meta":{"desktop":{"background-color":"var(--ast-global-color-4)","background-image":"","background-repeat":"repeat","background-position":"center center","background-size":"auto","background-attachment":"scroll","background-type":"","background-media":"","overlay-type":"","overlay-color":"","overlay-opacity":"","overlay-gradient":""},"tablet":{"background-color":"","background-image":"","background-repeat":"repeat","background-position":"center center","background-size":"auto","background-attachment":"scroll","background-type":"","background-media":"","overlay-type":"","overlay-color":"","overlay-opacity":"","overlay-gradient":""},"mobile":{"background-color":"","background-image":"","background-repeat":"repeat","background-position":"center center","background-size":"auto","background-attachment":"scroll","background-type":"","background-media":"","overlay-type":"","overlay-color":"","overlay-opacity":"","overlay-gradient":""}},"ast-content-background-meta":{"desktop":{"background-color":"var(--ast-global-color-5)","background-image":"","background-repeat":"repeat","background-position":"center center","background-size":"auto","background-attachment":"scroll","background-type":"","background-media":"","overlay-type":"","overlay-color":"","overlay-opacity":"","overlay-gradient":""},"tablet":{"background-color":"var(--ast-global-color-5)","background-image":"","background-repeat":"repeat","background-position":"center center","background-size":"auto","background-attachment":"scroll","background-type":"","background-media":"","overlay-type":"","overlay-color":"","overlay-opacity":"","overlay-gradient":""},"mobile":{"background-color":"var(--ast-global-color-5)","background-image":"","background-repeat":"repeat","background-position":"center center","background-size":"auto","background-attachment":"scroll","background-type":"","background-media":"","overlay-type":"","overlay-color":"","overlay-opacity":"","overlay-gradient":""}},"footnotes":""},"class_list":["post-87","page","type-page","status-publish","hentry"],"aioseo_notices":[],"uagb_featured_image_src":{"full":false,"thumbnail":false,"medium":false,"medium_large":false,"large":false,"1536x1536":false,"2048x2048":false},"uagb_author_info":{"display_name":"admin","author_link":"https:\/\/lesesseppes.fr\/index.php\/author\/admin\/"},"uagb_comment_info":0,"uagb_excerpt":"Les Esseppes Bienvenue sur notre site Les Esseppes Les Esseppes, k\u00e9zako ? \u00ab\u00a0Esseppe\u00a0\u00bb est un mot vend\u00e9en qui d\u00e9signe les pierres perc\u00e9es qui marquent l\u2019entr\u00e9e de marais salants ou aussi [&hellip;]","_links":{"self":[{"href":"https:\/\/lesesseppes.fr\/index.php\/wp-json\/wp\/v2\/pages\/87","targetHints":{"allow":["GET"]}}],"collection":[{"href":"https:\/\/lesesseppes.fr\/index.php\/wp-json\/wp\/v2\/pages"}],"about":[{"href":"https:\/\/lesesseppes.fr\/index.php\/wp-json\/wp\/v2\/types\/page"}],"author":[{"embeddable":true,"href":"https:\/\/lesesseppes.fr\/index.php\/wp-json\/wp\/v2\/users\/1"}],"replies":[{"embeddable":true,"href":"https:\/\/lesesseppes.fr\/index.php\/wp-json\/wp\/v2\/comments?post=87"}],"version-history":[{"count":49,"href":"https:\/\/lesesseppes.fr\/index.php\/wp-json\/wp\/v2\/pages\/87\/revisions"}],"predecessor-version":[{"id":813,"href":"https:\/\/lesesseppes.fr\/index.php\/wp-json\/wp\/v2\/pages\/87\/revisions\/813"}],"wp:attachment":[{"href":"https:\/\/lesesseppes.fr\/index.php\/wp-json\/wp\/v2\/media?parent=87"}],"curies":[{"name":"wp","href":"https:\/\/api.w.org\/{rel}","templated":true}]}}